{"id":9492,"date":"2023-08-26T06:30:47","date_gmt":"2023-08-26T06:30:47","guid":{"rendered":"https:\/\/carolinacordobaeditora.ar\/?page_id=9492"},"modified":"2023-12-12T22:39:26","modified_gmt":"2023-12-12T22:39:26","slug":"solicita-una-prueba-de-correcion-gratis","status":"publish","type":"page","link":"https:\/\/carolinacordobaeditora.ar\/index.php\/solicita-una-prueba-de-correcion-gratis\/","title":{"rendered":"Solicita una prueba de correci\u00f3n gratis"},"content":{"rendered":"\t\t<div data-elementor-type=\"wp-page\" data-elementor-id=\"9492\" class=\"elementor elementor-9492\" data-elementor-post-type=\"page\">\n\t\t\t\t\t\t<section class=\"elementor-section elementor-top-section elementor-element elementor-element-53e2468 elementor-section-boxed elementor-section-height-default elementor-section-height-default wd-section-disabled\" data-id=\"53e2468\" data-element_type=\"section\" data-settings=\"{&quot;ekit_has_onepagescroll_dot&quot;:&quot;yes&quot;}\">\n\t\t\t\t\t\t<div class=\"elementor-container elementor-column-gap-default\">\n\t\t\t\t\t<div class=\"elementor-column elementor-col-100 elementor-top-column elementor-element elementor-element-19a6492\" data-id=\"19a6492\" data-element_type=\"column\">\n\t\t\t<div class=\"elementor-widget-wrap elementor-element-populated\">\n\t\t\t\t\t\t<div class=\"elementor-element elementor-element-3cce52e elementor-widget elementor-widget-wd_title\" data-id=\"3cce52e\" data-element_type=\"widget\" data-settings=\"{&quot;ekit_we_effect_on&quot;:&quot;none&quot;}\" data-widget_type=\"wd_title.default\">\n\t\t\t\t<div class=\"elementor-widget-container\">\n\t\t\t\t\t\t\t\t<link rel=\"stylesheet\" id=\"wd-section-title-css\" href=\"https:\/\/carolinacordobaeditora.ar\/wp-content\/themes\/woodmart\/css\/parts\/el-section-title.min.css?ver=7.3.4\" type=\"text\/css\" media=\"all\" \/> \t\t\t\t\t<div class=\"title-wrapper set-mb-s reset-last-child wd-title-color-default wd-title-style-default wd-title-size-large text-center\">\n\n\t\t\t\n\t\t\t<div class=\"liner-continer\">\n\t\t\t\t<h4 class=\"woodmart-title-container title wd-fontsize-xxl\">\u00a1Solicit\u00e1 una correcci\u00f3n gratuita!<\/h4> \n\t\t\t\t\t\t\t<\/div>\n\n\t\t\t\t\t<\/div>\n\t\t\t\t\t\t<\/div>\n\t\t\t\t<\/div>\n\t\t\t\t<section class=\"elementor-section elementor-inner-section elementor-element elementor-element-eba92ad elementor-section-boxed elementor-section-height-default elementor-section-height-default wd-section-disabled\" data-id=\"eba92ad\" data-element_type=\"section\" data-settings=\"{&quot;ekit_has_onepagescroll_dot&quot;:&quot;yes&quot;}\">\n\t\t\t\t\t\t<div class=\"elementor-container elementor-column-gap-default\">\n\t\t\t\t\t<div class=\"elementor-column elementor-col-100 elementor-inner-column elementor-element elementor-element-138218d\" data-id=\"138218d\" data-element_type=\"column\">\n\t\t\t<div class=\"elementor-widget-wrap elementor-element-populated\">\n\t\t\t\t\t\t<div class=\"elementor-element elementor-element-e1649d8 elementor-widget elementor-widget-wd_title\" data-id=\"e1649d8\" data-element_type=\"widget\" data-settings=\"{&quot;ekit_we_effect_on&quot;:&quot;none&quot;}\" data-widget_type=\"wd_title.default\">\n\t\t\t\t<div class=\"elementor-widget-container\">\n\t\t\t\t\t\t\t<div class=\"title-wrapper set-mb-s reset-last-child wd-title-color-default wd-title-style-default wd-title-size-large text-center\">\n\n\t\t\t\n\t\t\t<div class=\"liner-continer\">\n\t\t\t\t<h4 class=\"woodmart-title-container title wd-fontsize-xxl\">Copi\u00e1 y peg\u00e1 una parte de tu texto y lo corrijo para que conozcas c\u00f3mo trabajo.<\/h4> \n\t\t\t\t\t\t\t<\/div>\n\n\t\t\t\t\t<\/div>\n\t\t\t\t\t\t<\/div>\n\t\t\t\t<\/div>\n\t\t\t\t<div class=\"elementor-element elementor-element-b568d76 elementor-button-align-end elementor-widget elementor-widget-form\" data-id=\"b568d76\" data-element_type=\"widget\" data-settings=\"{&quot;button_width&quot;:&quot;60&quot;,&quot;step_next_label&quot;:&quot;Next&quot;,&quot;step_previous_label&quot;:&quot;Previous&quot;,&quot;step_type&quot;:&quot;number_text&quot;,&quot;step_icon_shape&quot;:&quot;circle&quot;,&quot;ekit_we_effect_on&quot;:&quot;none&quot;}\" data-widget_type=\"form.default\">\n\t\t\t\t<div class=\"elementor-widget-container\">\n\t\t\t\t\t\t\t<form class=\"elementor-form\" method=\"post\" name=\"New Form\" aria-label=\"New Form\">\n\t\t\t<input type=\"hidden\" name=\"post_id\" value=\"9492\"\/>\n\t\t\t<input type=\"hidden\" name=\"form_id\" value=\"b568d76\"\/>\n\t\t\t<input type=\"hidden\" name=\"referer_title\" value=\"Carolina Cordoba\" \/>\n\n\t\t\t\n\t\t\t<div class=\"elementor-form-fields-wrapper elementor-labels-above\">\n\t\t\t\t\t\t\t\t<div class=\"elementor-field-type-textarea elementor-field-group elementor-column elementor-field-group-message elementor-col-100 elementor-field-required\">\n\t\t\t\t\t\t\t\t\t\t\t\t<label for=\"form-field-message\" class=\"elementor-field-label\">\n\t\t\t\t\t\t\t\tTexto\t\t\t\t\t\t\t<\/label>\n\t\t\t\t\t\t<textarea class=\"elementor-field-textual elementor-field  elementor-size-sm\" name=\"form_fields[message]\" id=\"form-field-message\" rows=\"6\" placeholder=\"no m\u00e1s de 3.000 CCE (caracteres con espacios) o 500 palabras\" required=\"required\"><\/textarea>\t\t\t\t<\/div>\n\t\t\t\t\t\t\t\t<div class=\"elementor-field-type-radio elementor-field-group elementor-column elementor-field-group-field_fc3adc9 elementor-col-100 elementor-field-required\">\n\t\t\t\t\t\t\t\t\t\t\t\t<label for=\"form-field-field_fc3adc9\" class=\"elementor-field-label\">\n\t\t\t\t\t\t\t\tTipo de servicio requerido\t\t\t\t\t\t\t<\/label>\n\t\t\t\t\t\t<div class=\"elementor-field-subgroup  elementor-subgroup-inline\"><span class=\"elementor-field-option\"><input type=\"radio\" value=\"Correcci\u00f3n de textos\" id=\"form-field-field_fc3adc9-0\" name=\"form_fields[field_fc3adc9]\" required=\"required\"> <label for=\"form-field-field_fc3adc9-0\">Correcci\u00f3n de textos<\/label><\/span><span class=\"elementor-field-option\"><input type=\"radio\" value=\"Correcci\u00f3n de tesis\" id=\"form-field-field_fc3adc9-1\" name=\"form_fields[field_fc3adc9]\" required=\"required\"> <label for=\"form-field-field_fc3adc9-1\">Correcci\u00f3n de tesis<\/label><\/span><span class=\"elementor-field-option\"><input type=\"radio\" value=\"Tutor\u00edas de tesis\" id=\"form-field-field_fc3adc9-2\" name=\"form_fields[field_fc3adc9]\" required=\"required\"> <label for=\"form-field-field_fc3adc9-2\">Tutor\u00edas de tesis<\/label><\/span><span class=\"elementor-field-option\"><input type=\"radio\" value=\"Servicio editorial\" id=\"form-field-field_fc3adc9-3\" name=\"form_fields[field_fc3adc9]\" required=\"required\"> <label for=\"form-field-field_fc3adc9-3\">Servicio editorial<\/label><\/span><\/div>\t\t\t\t<\/div>\n\t\t\t\t\t\t\t\t<div class=\"elementor-field-type-text elementor-field-group elementor-column elementor-field-group-name elementor-col-50\">\n\t\t\t\t\t\t\t\t\t\t\t\t<label for=\"form-field-name\" class=\"elementor-field-label\">\n\t\t\t\t\t\t\t\tNombre completo\t\t\t\t\t\t\t<\/label>\n\t\t\t\t\t\t\t\t\t\t\t\t\t\t<input size=\"1\" type=\"text\" name=\"form_fields[name]\" id=\"form-field-name\" class=\"elementor-field elementor-size-sm  elementor-field-textual\">\n\t\t\t\t\t\t\t\t\t\t\t<\/div>\n\t\t\t\t\t\t\t\t<div class=\"elementor-field-type-email elementor-field-group elementor-column elementor-field-group-email elementor-col-50 elementor-field-required\">\n\t\t\t\t\t\t\t\t\t\t\t\t<label for=\"form-field-email\" class=\"elementor-field-label\">\n\t\t\t\t\t\t\t\tCorreo electr\u00f3nico\t\t\t\t\t\t\t<\/label>\n\t\t\t\t\t\t\t\t\t\t\t\t\t\t<input size=\"1\" type=\"email\" name=\"form_fields[email]\" id=\"form-field-email\" class=\"elementor-field elementor-size-sm  elementor-field-textual\" required=\"required\">\n\t\t\t\t\t\t\t\t\t\t\t<\/div>\n\t\t\t\t\t\t\t\t<div class=\"elementor-field-type-tel elementor-field-group elementor-column elementor-field-group-field_962b30a elementor-col-50 elementor-field-required\">\n\t\t\t\t\t\t\t\t\t\t\t\t<label for=\"form-field-field_962b30a\" class=\"elementor-field-label\">\n\t\t\t\t\t\t\t\tTel\u00e9fono (c\u00f3digo pa\u00eds + c\u00f3digo \u00e1rea)\t\t\t\t\t\t\t<\/label>\n\t\t\t\t\t\t\t\t<input size=\"1\" type=\"tel\" name=\"form_fields[field_962b30a]\" id=\"form-field-field_962b30a\" class=\"elementor-field elementor-size-sm  elementor-field-textual\" required=\"required\" pattern=\"[0-9()#&amp;+*-=.]+\" title=\"Solo se aceptan n\u00fameros y caracteres de tel\u00e9fono (#,-,*,etc).\">\n\n\t\t\t\t\t\t<\/div>\n\t\t\t\t\t\t\t\t<div class=\"elementor-field-type-text elementor-field-group elementor-column elementor-field-group-field_4e42f24 elementor-col-50 elementor-field-required\">\n\t\t\t\t\t\t\t\t\t\t\t\t<label for=\"form-field-field_4e42f24\" class=\"elementor-field-label\">\n\t\t\t\t\t\t\t\tPa\u00eds\t\t\t\t\t\t\t<\/label>\n\t\t\t\t\t\t\t\t\t\t\t\t\t\t<input size=\"1\" type=\"text\" name=\"form_fields[field_4e42f24]\" id=\"form-field-field_4e42f24\" class=\"elementor-field elementor-size-sm  elementor-field-textual\" required=\"required\">\n\t\t\t\t\t\t\t\t\t\t\t<\/div>\n\t\t\t\t\t\t\t\t<div class=\"elementor-field-type-recaptcha_v3 elementor-field-group elementor-column elementor-field-group-field_b4a5bdf elementor-col-100 recaptcha_v3-inline\">\n\t\t\t\t\t<div class=\"elementor-field\" id=\"form-field-field_b4a5bdf\"><div class=\"elementor-g-recaptcha\" data-sitekey=\"6LdijC8pAAAAALJU2QsUNmwjpc7I5iRKzQ3JW1Cb\" data-type=\"v3\" data-action=\"Form\" data-badge=\"inline\" data-size=\"invisible\"><\/div><\/div>\t\t\t\t<\/div>\n\t\t\t\t\t\t\t\t<div class=\"elementor-field-group elementor-column elementor-field-type-submit elementor-col-60 e-form__buttons\">\n\t\t\t\t\t<button class=\"elementor-button elementor-size-sm\" type=\"submit\">\n\t\t\t\t\t\t<span class=\"elementor-button-content-wrapper\">\n\t\t\t\t\t\t\t\t\t\t\t\t\t\t\t\t\t\t\t\t\t\t<span class=\"elementor-button-text\">Enviar<\/span>\n\t\t\t\t\t\t\t\t\t\t\t\t\t<\/span>\n\t\t\t\t\t<\/button>\n\t\t\t\t<\/div>\n\t\t\t<\/div>\n\t\t<\/form>\n\t\t\t\t\t\t<\/div>\n\t\t\t\t<\/div>\n\t\t\t\t\t<\/div>\n\t\t<\/div>\n\t\t\t\t\t<\/div>\n\t\t<\/section>\n\t\t\t\t\t<\/div>\n\t\t<\/div>\n\t\t\t\t\t<\/div>\n\t\t<\/section>\n\t\t\t\t<\/div>\n\t\t","protected":false},"excerpt":{"rendered":"<p>\u00a1Solicit\u00e1 una correcci\u00f3n gratuita! Copi\u00e1 y peg\u00e1 una parte de tu texto y lo corrijo para que conozcas c\u00f3mo trabajo.<\/p>\n","protected":false},"author":1,"featured_media":0,"parent":0,"menu_order":0,"comment_status":"closed","ping_status":"closed","template":"","meta":{"_joinchat":[],"footnotes":""},"class_list":["post-9492","page","type-page","status-publish","hentry"],"yoast_head":"<!-- This site is optimized with the Yoast SEO plugin v27.1.1 - https:\/\/yoast.com\/product\/yoast-seo-wordpress\/ -->\n<title>Solicita una prueba de correci\u00f3n gratis - Carolina Cordoba<\/title>\n<meta name=\"robots\" content=\"index, follow, max-snippet:-1, max-image-preview:large, max-video-preview:-1\" \/>\n<link rel=\"canonical\" href=\"https:\/\/carolinacordobaeditora.ar\/index.php\/solicita-una-prueba-de-correcion-gratis\/\" \/>\n<meta property=\"og:locale\" content=\"es_ES\" \/>\n<meta property=\"og:type\" content=\"article\" \/>\n<meta property=\"og:title\" content=\"Solicita una prueba de correci\u00f3n gratis - Carolina Cordoba\" \/>\n<meta property=\"og:description\" content=\"\u00a1Solicit\u00e1 una correcci\u00f3n gratuita! Copi\u00e1 y peg\u00e1 una parte de tu texto y lo corrijo para que conozcas c\u00f3mo trabajo.\" \/>\n<meta property=\"og:url\" content=\"https:\/\/carolinacordobaeditora.ar\/index.php\/solicita-una-prueba-de-correcion-gratis\/\" \/>\n<meta property=\"og:site_name\" content=\"Carolina Cordoba\" \/>\n<meta property=\"article:modified_time\" content=\"2023-12-12T22:39:26+00:00\" \/>\n<meta name=\"twitter:card\" content=\"summary_large_image\" \/>\n<meta name=\"twitter:label1\" content=\"Tiempo de lectura\" \/>\n\t<meta name=\"twitter:data1\" content=\"1 minuto\" \/>\n<script type=\"application\/ld+json\" class=\"yoast-schema-graph\">{\"@context\":\"https:\/\/schema.org\",\"@graph\":[{\"@type\":\"WebPage\",\"@id\":\"https:\/\/carolinacordobaeditora.ar\/index.php\/solicita-una-prueba-de-correcion-gratis\/\",\"url\":\"https:\/\/carolinacordobaeditora.ar\/index.php\/solicita-una-prueba-de-correcion-gratis\/\",\"name\":\"Solicita una prueba de correci\u00f3n gratis - Carolina Cordoba\",\"isPartOf\":{\"@id\":\"https:\/\/carolinacordobaeditora.ar\/#website\"},\"datePublished\":\"2023-08-26T06:30:47+00:00\",\"dateModified\":\"2023-12-12T22:39:26+00:00\",\"breadcrumb\":{\"@id\":\"https:\/\/carolinacordobaeditora.ar\/index.php\/solicita-una-prueba-de-correcion-gratis\/#breadcrumb\"},\"inLanguage\":\"es\",\"potentialAction\":[{\"@type\":\"ReadAction\",\"target\":[\"https:\/\/carolinacordobaeditora.ar\/index.php\/solicita-una-prueba-de-correcion-gratis\/\"]}]},{\"@type\":\"BreadcrumbList\",\"@id\":\"https:\/\/carolinacordobaeditora.ar\/index.php\/solicita-una-prueba-de-correcion-gratis\/#breadcrumb\",\"itemListElement\":[{\"@type\":\"ListItem\",\"position\":1,\"name\":\"Portada\",\"item\":\"https:\/\/carolinacordobaeditora.ar\/\"},{\"@type\":\"ListItem\",\"position\":2,\"name\":\"Solicita una prueba de correci\u00f3n gratis\"}]},{\"@type\":\"WebSite\",\"@id\":\"https:\/\/carolinacordobaeditora.ar\/#website\",\"url\":\"https:\/\/carolinacordobaeditora.ar\/\",\"name\":\"Carolina Cordoba | Correcciones de textos y asesor\u00edas en trabajos acad\u00e9micos\",\"description\":\"Correcciones de textos y asesor\u00edas en trabajos acad\u00e9micos\",\"publisher\":{\"@id\":\"https:\/\/carolinacordobaeditora.ar\/#organization\"},\"potentialAction\":[{\"@type\":\"SearchAction\",\"target\":{\"@type\":\"EntryPoint\",\"urlTemplate\":\"https:\/\/carolinacordobaeditora.ar\/?s={search_term_string}\"},\"query-input\":{\"@type\":\"PropertyValueSpecification\",\"valueRequired\":true,\"valueName\":\"search_term_string\"}}],\"inLanguage\":\"es\"},{\"@type\":\"Organization\",\"@id\":\"https:\/\/carolinacordobaeditora.ar\/#organization\",\"name\":\"Carolina Cordoba\",\"url\":\"https:\/\/carolinacordobaeditora.ar\/\",\"logo\":{\"@type\":\"ImageObject\",\"inLanguage\":\"es\",\"@id\":\"https:\/\/carolinacordobaeditora.ar\/#\/schema\/logo\/image\/\",\"url\":\"https:\/\/carolinacordobaeditora.ar\/wp-content\/uploads\/2023\/06\/1.png\",\"contentUrl\":\"https:\/\/carolinacordobaeditora.ar\/wp-content\/uploads\/2023\/06\/1.png\",\"width\":500,\"height\":170,\"caption\":\"Carolina Cordoba\"},\"image\":{\"@id\":\"https:\/\/carolinacordobaeditora.ar\/#\/schema\/logo\/image\/\"}}]}<\/script>\n<!-- \/ Yoast SEO plugin. -->","yoast_head_json":{"title":"Solicita una prueba de correci\u00f3n gratis - Carolina Cordoba","robots":{"index":"index","follow":"follow","max-snippet":"max-snippet:-1","max-image-preview":"max-image-preview:large","max-video-preview":"max-video-preview:-1"},"canonical":"https:\/\/carolinacordobaeditora.ar\/index.php\/solicita-una-prueba-de-correcion-gratis\/","og_locale":"es_ES","og_type":"article","og_title":"Solicita una prueba de correci\u00f3n gratis - Carolina Cordoba","og_description":"\u00a1Solicit\u00e1 una correcci\u00f3n gratuita! Copi\u00e1 y peg\u00e1 una parte de tu texto y lo corrijo para que conozcas c\u00f3mo trabajo.","og_url":"https:\/\/carolinacordobaeditora.ar\/index.php\/solicita-una-prueba-de-correcion-gratis\/","og_site_name":"Carolina Cordoba","article_modified_time":"2023-12-12T22:39:26+00:00","twitter_card":"summary_large_image","twitter_misc":{"Tiempo de lectura":"1 minuto"},"schema":{"@context":"https:\/\/schema.org","@graph":[{"@type":"WebPage","@id":"https:\/\/carolinacordobaeditora.ar\/index.php\/solicita-una-prueba-de-correcion-gratis\/","url":"https:\/\/carolinacordobaeditora.ar\/index.php\/solicita-una-prueba-de-correcion-gratis\/","name":"Solicita una prueba de correci\u00f3n gratis - Carolina Cordoba","isPartOf":{"@id":"https:\/\/carolinacordobaeditora.ar\/#website"},"datePublished":"2023-08-26T06:30:47+00:00","dateModified":"2023-12-12T22:39:26+00:00","breadcrumb":{"@id":"https:\/\/carolinacordobaeditora.ar\/index.php\/solicita-una-prueba-de-correcion-gratis\/#breadcrumb"},"inLanguage":"es","potentialAction":[{"@type":"ReadAction","target":["https:\/\/carolinacordobaeditora.ar\/index.php\/solicita-una-prueba-de-correcion-gratis\/"]}]},{"@type":"BreadcrumbList","@id":"https:\/\/carolinacordobaeditora.ar\/index.php\/solicita-una-prueba-de-correcion-gratis\/#breadcrumb","itemListElement":[{"@type":"ListItem","position":1,"name":"Portada","item":"https:\/\/carolinacordobaeditora.ar\/"},{"@type":"ListItem","position":2,"name":"Solicita una prueba de correci\u00f3n gratis"}]},{"@type":"WebSite","@id":"https:\/\/carolinacordobaeditora.ar\/#website","url":"https:\/\/carolinacordobaeditora.ar\/","name":"Carolina Cordoba | Correcciones de textos y asesor\u00edas en trabajos acad\u00e9micos","description":"Correcciones de textos y asesor\u00edas en trabajos acad\u00e9micos","publisher":{"@id":"https:\/\/carolinacordobaeditora.ar\/#organization"},"potentialAction":[{"@type":"SearchAction","target":{"@type":"EntryPoint","urlTemplate":"https:\/\/carolinacordobaeditora.ar\/?s={search_term_string}"},"query-input":{"@type":"PropertyValueSpecification","valueRequired":true,"valueName":"search_term_string"}}],"inLanguage":"es"},{"@type":"Organization","@id":"https:\/\/carolinacordobaeditora.ar\/#organization","name":"Carolina Cordoba","url":"https:\/\/carolinacordobaeditora.ar\/","logo":{"@type":"ImageObject","inLanguage":"es","@id":"https:\/\/carolinacordobaeditora.ar\/#\/schema\/logo\/image\/","url":"https:\/\/carolinacordobaeditora.ar\/wp-content\/uploads\/2023\/06\/1.png","contentUrl":"https:\/\/carolinacordobaeditora.ar\/wp-content\/uploads\/2023\/06\/1.png","width":500,"height":170,"caption":"Carolina Cordoba"},"image":{"@id":"https:\/\/carolinacordobaeditora.ar\/#\/schema\/logo\/image\/"}}]}},"_links":{"self":[{"href":"https:\/\/carolinacordobaeditora.ar\/index.php\/wp-json\/wp\/v2\/pages\/9492","targetHints":{"allow":["GET"]}}],"collection":[{"href":"https:\/\/carolinacordobaeditora.ar\/index.php\/wp-json\/wp\/v2\/pages"}],"about":[{"href":"https:\/\/carolinacordobaeditora.ar\/index.php\/wp-json\/wp\/v2\/types\/page"}],"author":[{"embeddable":true,"href":"https:\/\/carolinacordobaeditora.ar\/index.php\/wp-json\/wp\/v2\/users\/1"}],"replies":[{"embeddable":true,"href":"https:\/\/carolinacordobaeditora.ar\/index.php\/wp-json\/wp\/v2\/comments?post=9492"}],"version-history":[{"count":0,"href":"https:\/\/carolinacordobaeditora.ar\/index.php\/wp-json\/wp\/v2\/pages\/9492\/revisions"}],"wp:attachment":[{"href":"https:\/\/carolinacordobaeditora.ar\/index.php\/wp-json\/wp\/v2\/media?parent=9492"}],"curies":[{"name":"wp","href":"https:\/\/api.w.org\/{rel}","templated":true}]}}