{"id":9453,"date":"2023-08-26T06:01:50","date_gmt":"2023-08-26T06:01:50","guid":{"rendered":"https:\/\/carolinacordobaeditora.ar\/?page_id=9453"},"modified":"2023-09-20T02:27:28","modified_gmt":"2023-09-20T02:27:28","slug":"conoceme","status":"publish","type":"page","link":"https:\/\/carolinacordobaeditora.ar\/index.php\/conoceme\/","title":{"rendered":"Conoceme"},"content":{"rendered":"\t\t<div data-elementor-type=\"wp-page\" data-elementor-id=\"9453\" class=\"elementor elementor-9453\" data-elementor-post-type=\"page\">\n\t\t\t\t\t\t<section class=\"elementor-section elementor-top-section elementor-element elementor-element-53e2468 elementor-section-boxed elementor-section-height-default elementor-section-height-default wd-section-disabled\" data-id=\"53e2468\" data-element_type=\"section\" data-settings=\"{&quot;ekit_has_onepagescroll_dot&quot;:&quot;yes&quot;}\">\n\t\t\t\t\t\t<div class=\"elementor-container elementor-column-gap-default\">\n\t\t\t\t\t<div class=\"elementor-column elementor-col-50 elementor-top-column elementor-element elementor-element-19a6492\" data-id=\"19a6492\" data-element_type=\"column\">\n\t\t\t<div class=\"elementor-widget-wrap elementor-element-populated\">\n\t\t\t\t\t\t<div class=\"elementor-element elementor-element-3cce52e elementor-widget elementor-widget-wd_title\" data-id=\"3cce52e\" data-element_type=\"widget\" data-settings=\"{&quot;ekit_we_effect_on&quot;:&quot;none&quot;}\" data-widget_type=\"wd_title.default\">\n\t\t\t\t<div class=\"elementor-widget-container\">\n\t\t\t\t\t\t\t\t<link rel=\"stylesheet\" id=\"wd-section-title-css\" href=\"https:\/\/carolinacordobaeditora.ar\/wp-content\/themes\/woodmart\/css\/parts\/el-section-title.min.css?ver=7.3.4\" type=\"text\/css\" media=\"all\" \/> \t\t\t\t\t<div class=\"title-wrapper set-mb-s reset-last-child wd-title-color-default wd-title-style-default wd-title-size-large text-left\">\n\n\t\t\t\n\t\t\t<div class=\"liner-continer\">\n\t\t\t\t<h4 class=\"woodmart-title-container title wd-fontsize-xxl\">\u00a1Bienvenida\/o!<\/h4> \n\t\t\t\t\t\t\t<\/div>\n\n\t\t\t\t\t<\/div>\n\t\t\t\t\t\t<\/div>\n\t\t\t\t<\/div>\n\t\t\t\t<div class=\"elementor-element elementor-element-8ff1fca elementor-widget elementor-widget-wd_text_block\" data-id=\"8ff1fca\" data-element_type=\"widget\" data-settings=\"{&quot;ekit_we_effect_on&quot;:&quot;none&quot;}\" data-widget_type=\"wd_text_block.default\">\n\t\t\t\t<div class=\"elementor-widget-container\">\n\t\t\t\t\t\t\t\t<link rel=\"stylesheet\" id=\"wd-text-block-css\" href=\"https:\/\/carolinacordobaeditora.ar\/wp-content\/themes\/woodmart\/css\/parts\/el-text-block.min.css?ver=7.3.4\" type=\"text\/css\" media=\"all\" \/> \t\t\t\t\t<div class=\"wd-text-block reset-last-child text-left\">\n\t\t\t\n\t\t\t<p>Soy Carolina C\u00f3rdoba, una apasionada de la lengua y del lenguaje. Desde muy joven, descubr\u00ed que mi verdadera vocaci\u00f3n estaba en la escritura y, sobre todo, en la lectura y por eso me convert\u00ed en ling\u00fcista y editora.<\/p><p>A lo largo de 14 a\u00f1os he acompa\u00f1ado a muchos alumnos, corrigiendo sus trabajos acad\u00e9micos y realizando tutor\u00edas para armar una gu\u00eda y definir por d\u00f3nde y c\u00f3mo dirigir su investigaci\u00f3n.<\/p>\n\t\t\t\t\t<\/div>\n\t\t\t\t\t\t<\/div>\n\t\t\t\t<\/div>\n\t\t\t\t<div class=\"elementor-element elementor-element-392a1b5 elementor-widget elementor-widget-wd_text_block\" data-id=\"392a1b5\" data-element_type=\"widget\" data-settings=\"{&quot;ekit_we_effect_on&quot;:&quot;none&quot;}\" data-widget_type=\"wd_text_block.default\">\n\t\t\t\t<div class=\"elementor-widget-container\">\n\t\t\t\t\t\t\t<div class=\"wd-text-block reset-last-child text-left\">\n\t\t\t\n\t\t\t<p><strong>Lic. Carolina C\u00f3rdoba<\/strong><\/p><p>Licenciada en Letras Modernas<\/p><p>T\u00e9cnica Instrumental en Correcci\u00f3n Literaria<\/p><p><strong>Miembro de PLECA<\/strong><br \/>(Profesionales de la lengua espa\u00f1ola correcta de la Rep\u00fablica Argentina)<\/p>\n\t\t\t\t\t<\/div>\n\t\t\t\t\t\t<\/div>\n\t\t\t\t<\/div>\n\t\t\t\t<div class=\"elementor-element elementor-element-4eed5b0 elementor-widget elementor-widget-image\" data-id=\"4eed5b0\" data-element_type=\"widget\" data-settings=\"{&quot;ekit_we_effect_on&quot;:&quot;none&quot;}\" data-widget_type=\"image.default\">\n\t\t\t\t<div class=\"elementor-widget-container\">\n\t\t\t\t\t\t\t\t\t\t\t\t\t\t\t<img fetchpriority=\"high\" decoding=\"async\" width=\"533\" height=\"800\" src=\"https:\/\/carolinacordobaeditora.ar\/wp-content\/uploads\/2023\/08\/IMG_5511-533x800.jpg\" class=\"attachment-large size-large wp-image-9462\" alt=\"\" srcset=\"https:\/\/carolinacordobaeditora.ar\/wp-content\/uploads\/2023\/08\/IMG_5511-533x800.jpg 533w, https:\/\/carolinacordobaeditora.ar\/wp-content\/uploads\/2023\/08\/IMG_5511-200x300.jpg 200w, https:\/\/carolinacordobaeditora.ar\/wp-content\/uploads\/2023\/08\/IMG_5511-768x1152.jpg 768w, https:\/\/carolinacordobaeditora.ar\/wp-content\/uploads\/2023\/08\/IMG_5511-1024x1536.jpg 1024w, https:\/\/carolinacordobaeditora.ar\/wp-content\/uploads\/2023\/08\/IMG_5511-1365x2048.jpg 1365w, https:\/\/carolinacordobaeditora.ar\/wp-content\/uploads\/2023\/08\/IMG_5511-scaled.jpg 1707w\" sizes=\"(max-width: 533px) 100vw, 533px\" \/>\t\t\t\t\t\t\t\t\t\t\t\t\t\t\t<\/div>\n\t\t\t\t<\/div>\n\t\t\t\t\t<\/div>\n\t\t<\/div>\n\t\t\t\t<div class=\"elementor-column elementor-col-50 elementor-top-column elementor-element elementor-element-2ec5cf8\" data-id=\"2ec5cf8\" data-element_type=\"column\">\n\t\t\t<div class=\"elementor-widget-wrap elementor-element-populated\">\n\t\t\t\t\t\t<div class=\"elementor-element elementor-element-52b80dc elementor-widget elementor-widget-image\" data-id=\"52b80dc\" data-element_type=\"widget\" data-settings=\"{&quot;ekit_we_effect_on&quot;:&quot;none&quot;}\" data-widget_type=\"image.default\">\n\t\t\t\t<div class=\"elementor-widget-container\">\n\t\t\t\t\t\t\t\t\t\t\t\t\t\t\t<img decoding=\"async\" width=\"533\" height=\"800\" src=\"https:\/\/carolinacordobaeditora.ar\/wp-content\/uploads\/2023\/08\/IMG_5393-533x800.jpg\" class=\"attachment-large size-large wp-image-9461\" alt=\"\" srcset=\"https:\/\/carolinacordobaeditora.ar\/wp-content\/uploads\/2023\/08\/IMG_5393-533x800.jpg 533w, https:\/\/carolinacordobaeditora.ar\/wp-content\/uploads\/2023\/08\/IMG_5393-200x300.jpg 200w, https:\/\/carolinacordobaeditora.ar\/wp-content\/uploads\/2023\/08\/IMG_5393-768x1152.jpg 768w, https:\/\/carolinacordobaeditora.ar\/wp-content\/uploads\/2023\/08\/IMG_5393-1024x1536.jpg 1024w, https:\/\/carolinacordobaeditora.ar\/wp-content\/uploads\/2023\/08\/IMG_5393-1365x2048.jpg 1365w, https:\/\/carolinacordobaeditora.ar\/wp-content\/uploads\/2023\/08\/IMG_5393-scaled.jpg 1707w\" sizes=\"(max-width: 533px) 100vw, 533px\" \/>\t\t\t\t\t\t\t\t\t\t\t\t\t\t\t<\/div>\n\t\t\t\t<\/div>\n\t\t\t\t<div class=\"elementor-element elementor-element-4589422 elementor-widget elementor-widget-wd_text_block\" data-id=\"4589422\" data-element_type=\"widget\" data-settings=\"{&quot;ekit_we_effect_on&quot;:&quot;none&quot;}\" data-widget_type=\"wd_text_block.default\">\n\t\t\t\t<div class=\"elementor-widget-container\">\n\t\t\t\t\t\t\t<div class=\"wd-text-block reset-last-child text-left\">\n\t\t\t\n\t\t\t<p>Tambi\u00e9n he corregido textos de todo tipo y he ofrecido excelencia lingu\u00edstica en cada trabajo. Me apasiona enfrentar proyectos desafiantes, encontrar soluciones creativas y contribuir al \u00e9xito del trabajo en el que estoy involucrada.<\/p><p>Escribo y leo desde los 9 y estos \u00faltimos a\u00f1os me anim\u00e9 a jugar a escribir, adem\u00e1s de corregir. Las pasiones que nos conmueven desde la infancia son las m\u00e1s profundas y maravillosas para trabajar, pues hacen que todo sea m\u00e1s f\u00e1cil a la hora de hacerlo.<\/p><p>\u00a1Te espero con este entusiasmo!<\/p>\n\t\t\t\t\t<\/div>\n\t\t\t\t\t\t<\/div>\n\t\t\t\t<\/div>\n\t\t\t\t\t<\/div>\n\t\t<\/div>\n\t\t\t\t\t<\/div>\n\t\t<\/section>\n\t\t\t\t<\/div>\n\t\t","protected":false},"excerpt":{"rendered":"<p>\u00a1Bienvenida\/o! Soy Carolina C\u00f3rdoba, una apasionada de la lengua y del lenguaje. Desde muy joven, descubr\u00ed que mi verdadera vocaci\u00f3n<\/p>\n","protected":false},"author":1,"featured_media":0,"parent":0,"menu_order":0,"comment_status":"closed","ping_status":"closed","template":"","meta":{"_joinchat":[],"footnotes":""},"class_list":["post-9453","page","type-page","status-publish","hentry"],"yoast_head":"<!-- This site is optimized with the Yoast SEO plugin v27.1.1 - https:\/\/yoast.com\/product\/yoast-seo-wordpress\/ -->\n<title>Conoceme - Carolina Cordoba<\/title>\n<meta name=\"robots\" content=\"index, follow, max-snippet:-1, max-image-preview:large, max-video-preview:-1\" \/>\n<link rel=\"canonical\" href=\"https:\/\/carolinacordobaeditora.ar\/index.php\/conoceme\/\" \/>\n<meta property=\"og:locale\" content=\"es_ES\" \/>\n<meta property=\"og:type\" content=\"article\" \/>\n<meta property=\"og:title\" content=\"Conoceme - Carolina Cordoba\" \/>\n<meta property=\"og:description\" content=\"\u00a1Bienvenida\/o! Soy Carolina C\u00f3rdoba, una apasionada de la lengua y del lenguaje. Desde muy joven, descubr\u00ed que mi verdadera vocaci\u00f3n\" \/>\n<meta property=\"og:url\" content=\"https:\/\/carolinacordobaeditora.ar\/index.php\/conoceme\/\" \/>\n<meta property=\"og:site_name\" content=\"Carolina Cordoba\" \/>\n<meta property=\"article:modified_time\" content=\"2023-09-20T02:27:28+00:00\" \/>\n<meta property=\"og:image\" content=\"https:\/\/carolinacordobaeditora.ar\/wp-content\/uploads\/2023\/08\/IMG_5511-533x800.jpg\" \/>\n<meta name=\"twitter:card\" content=\"summary_large_image\" \/>\n<meta name=\"twitter:label1\" content=\"Tiempo de lectura\" \/>\n\t<meta name=\"twitter:data1\" content=\"1 minuto\" \/>\n<script type=\"application\/ld+json\" class=\"yoast-schema-graph\">{\"@context\":\"https:\/\/schema.org\",\"@graph\":[{\"@type\":\"WebPage\",\"@id\":\"https:\/\/carolinacordobaeditora.ar\/index.php\/conoceme\/\",\"url\":\"https:\/\/carolinacordobaeditora.ar\/index.php\/conoceme\/\",\"name\":\"Conoceme - Carolina Cordoba\",\"isPartOf\":{\"@id\":\"https:\/\/carolinacordobaeditora.ar\/#website\"},\"primaryImageOfPage\":{\"@id\":\"https:\/\/carolinacordobaeditora.ar\/index.php\/conoceme\/#primaryimage\"},\"image\":{\"@id\":\"https:\/\/carolinacordobaeditora.ar\/index.php\/conoceme\/#primaryimage\"},\"thumbnailUrl\":\"https:\/\/carolinacordobaeditora.ar\/wp-content\/uploads\/2023\/08\/IMG_5511-533x800.jpg\",\"datePublished\":\"2023-08-26T06:01:50+00:00\",\"dateModified\":\"2023-09-20T02:27:28+00:00\",\"breadcrumb\":{\"@id\":\"https:\/\/carolinacordobaeditora.ar\/index.php\/conoceme\/#breadcrumb\"},\"inLanguage\":\"es\",\"potentialAction\":[{\"@type\":\"ReadAction\",\"target\":[\"https:\/\/carolinacordobaeditora.ar\/index.php\/conoceme\/\"]}]},{\"@type\":\"ImageObject\",\"inLanguage\":\"es\",\"@id\":\"https:\/\/carolinacordobaeditora.ar\/index.php\/conoceme\/#primaryimage\",\"url\":\"https:\/\/carolinacordobaeditora.ar\/wp-content\/uploads\/2023\/08\/IMG_5511-scaled.jpg\",\"contentUrl\":\"https:\/\/carolinacordobaeditora.ar\/wp-content\/uploads\/2023\/08\/IMG_5511-scaled.jpg\",\"width\":1707,\"height\":2560},{\"@type\":\"BreadcrumbList\",\"@id\":\"https:\/\/carolinacordobaeditora.ar\/index.php\/conoceme\/#breadcrumb\",\"itemListElement\":[{\"@type\":\"ListItem\",\"position\":1,\"name\":\"Portada\",\"item\":\"https:\/\/carolinacordobaeditora.ar\/\"},{\"@type\":\"ListItem\",\"position\":2,\"name\":\"Conoceme\"}]},{\"@type\":\"WebSite\",\"@id\":\"https:\/\/carolinacordobaeditora.ar\/#website\",\"url\":\"https:\/\/carolinacordobaeditora.ar\/\",\"name\":\"Carolina Cordoba | Correcciones de textos y asesor\u00edas en trabajos acad\u00e9micos\",\"description\":\"Correcciones de textos y asesor\u00edas en trabajos acad\u00e9micos\",\"publisher\":{\"@id\":\"https:\/\/carolinacordobaeditora.ar\/#organization\"},\"potentialAction\":[{\"@type\":\"SearchAction\",\"target\":{\"@type\":\"EntryPoint\",\"urlTemplate\":\"https:\/\/carolinacordobaeditora.ar\/?s={search_term_string}\"},\"query-input\":{\"@type\":\"PropertyValueSpecification\",\"valueRequired\":true,\"valueName\":\"search_term_string\"}}],\"inLanguage\":\"es\"},{\"@type\":\"Organization\",\"@id\":\"https:\/\/carolinacordobaeditora.ar\/#organization\",\"name\":\"Carolina Cordoba\",\"url\":\"https:\/\/carolinacordobaeditora.ar\/\",\"logo\":{\"@type\":\"ImageObject\",\"inLanguage\":\"es\",\"@id\":\"https:\/\/carolinacordobaeditora.ar\/#\/schema\/logo\/image\/\",\"url\":\"https:\/\/carolinacordobaeditora.ar\/wp-content\/uploads\/2023\/06\/1.png\",\"contentUrl\":\"https:\/\/carolinacordobaeditora.ar\/wp-content\/uploads\/2023\/06\/1.png\",\"width\":500,\"height\":170,\"caption\":\"Carolina Cordoba\"},\"image\":{\"@id\":\"https:\/\/carolinacordobaeditora.ar\/#\/schema\/logo\/image\/\"}}]}<\/script>\n<!-- \/ Yoast SEO plugin. -->","yoast_head_json":{"title":"Conoceme - Carolina Cordoba","robots":{"index":"index","follow":"follow","max-snippet":"max-snippet:-1","max-image-preview":"max-image-preview:large","max-video-preview":"max-video-preview:-1"},"canonical":"https:\/\/carolinacordobaeditora.ar\/index.php\/conoceme\/","og_locale":"es_ES","og_type":"article","og_title":"Conoceme - Carolina Cordoba","og_description":"\u00a1Bienvenida\/o! Soy Carolina C\u00f3rdoba, una apasionada de la lengua y del lenguaje. Desde muy joven, descubr\u00ed que mi verdadera vocaci\u00f3n","og_url":"https:\/\/carolinacordobaeditora.ar\/index.php\/conoceme\/","og_site_name":"Carolina Cordoba","article_modified_time":"2023-09-20T02:27:28+00:00","og_image":[{"url":"https:\/\/carolinacordobaeditora.ar\/wp-content\/uploads\/2023\/08\/IMG_5511-533x800.jpg","type":"","width":"","height":""}],"twitter_card":"summary_large_image","twitter_misc":{"Tiempo de lectura":"1 minuto"},"schema":{"@context":"https:\/\/schema.org","@graph":[{"@type":"WebPage","@id":"https:\/\/carolinacordobaeditora.ar\/index.php\/conoceme\/","url":"https:\/\/carolinacordobaeditora.ar\/index.php\/conoceme\/","name":"Conoceme - Carolina Cordoba","isPartOf":{"@id":"https:\/\/carolinacordobaeditora.ar\/#website"},"primaryImageOfPage":{"@id":"https:\/\/carolinacordobaeditora.ar\/index.php\/conoceme\/#primaryimage"},"image":{"@id":"https:\/\/carolinacordobaeditora.ar\/index.php\/conoceme\/#primaryimage"},"thumbnailUrl":"https:\/\/carolinacordobaeditora.ar\/wp-content\/uploads\/2023\/08\/IMG_5511-533x800.jpg","datePublished":"2023-08-26T06:01:50+00:00","dateModified":"2023-09-20T02:27:28+00:00","breadcrumb":{"@id":"https:\/\/carolinacordobaeditora.ar\/index.php\/conoceme\/#breadcrumb"},"inLanguage":"es","potentialAction":[{"@type":"ReadAction","target":["https:\/\/carolinacordobaeditora.ar\/index.php\/conoceme\/"]}]},{"@type":"ImageObject","inLanguage":"es","@id":"https:\/\/carolinacordobaeditora.ar\/index.php\/conoceme\/#primaryimage","url":"https:\/\/carolinacordobaeditora.ar\/wp-content\/uploads\/2023\/08\/IMG_5511-scaled.jpg","contentUrl":"https:\/\/carolinacordobaeditora.ar\/wp-content\/uploads\/2023\/08\/IMG_5511-scaled.jpg","width":1707,"height":2560},{"@type":"BreadcrumbList","@id":"https:\/\/carolinacordobaeditora.ar\/index.php\/conoceme\/#breadcrumb","itemListElement":[{"@type":"ListItem","position":1,"name":"Portada","item":"https:\/\/carolinacordobaeditora.ar\/"},{"@type":"ListItem","position":2,"name":"Conoceme"}]},{"@type":"WebSite","@id":"https:\/\/carolinacordobaeditora.ar\/#website","url":"https:\/\/carolinacordobaeditora.ar\/","name":"Carolina Cordoba | Correcciones de textos y asesor\u00edas en trabajos acad\u00e9micos","description":"Correcciones de textos y asesor\u00edas en trabajos acad\u00e9micos","publisher":{"@id":"https:\/\/carolinacordobaeditora.ar\/#organization"},"potentialAction":[{"@type":"SearchAction","target":{"@type":"EntryPoint","urlTemplate":"https:\/\/carolinacordobaeditora.ar\/?s={search_term_string}"},"query-input":{"@type":"PropertyValueSpecification","valueRequired":true,"valueName":"search_term_string"}}],"inLanguage":"es"},{"@type":"Organization","@id":"https:\/\/carolinacordobaeditora.ar\/#organization","name":"Carolina Cordoba","url":"https:\/\/carolinacordobaeditora.ar\/","logo":{"@type":"ImageObject","inLanguage":"es","@id":"https:\/\/carolinacordobaeditora.ar\/#\/schema\/logo\/image\/","url":"https:\/\/carolinacordobaeditora.ar\/wp-content\/uploads\/2023\/06\/1.png","contentUrl":"https:\/\/carolinacordobaeditora.ar\/wp-content\/uploads\/2023\/06\/1.png","width":500,"height":170,"caption":"Carolina Cordoba"},"image":{"@id":"https:\/\/carolinacordobaeditora.ar\/#\/schema\/logo\/image\/"}}]}},"_links":{"self":[{"href":"https:\/\/carolinacordobaeditora.ar\/index.php\/wp-json\/wp\/v2\/pages\/9453","targetHints":{"allow":["GET"]}}],"collection":[{"href":"https:\/\/carolinacordobaeditora.ar\/index.php\/wp-json\/wp\/v2\/pages"}],"about":[{"href":"https:\/\/carolinacordobaeditora.ar\/index.php\/wp-json\/wp\/v2\/types\/page"}],"author":[{"embeddable":true,"href":"https:\/\/carolinacordobaeditora.ar\/index.php\/wp-json\/wp\/v2\/users\/1"}],"replies":[{"embeddable":true,"href":"https:\/\/carolinacordobaeditora.ar\/index.php\/wp-json\/wp\/v2\/comments?post=9453"}],"version-history":[{"count":0,"href":"https:\/\/carolinacordobaeditora.ar\/index.php\/wp-json\/wp\/v2\/pages\/9453\/revisions"}],"wp:attachment":[{"href":"https:\/\/carolinacordobaeditora.ar\/index.php\/wp-json\/wp\/v2\/media?parent=9453"}],"curies":[{"name":"wp","href":"https:\/\/api.w.org\/{rel}","templated":true}]}}