{"id":9138,"date":"2023-06-15T21:47:11","date_gmt":"2023-06-15T21:47:11","guid":{"rendered":"https:\/\/carolinacordobaeditora.ar\/?page_id=9138"},"modified":"2023-09-30T17:39:55","modified_gmt":"2023-09-30T17:39:55","slug":"tutorias-de-tesis","status":"publish","type":"page","link":"https:\/\/carolinacordobaeditora.ar\/index.php\/tutorias-de-tesis\/","title":{"rendered":"Tutor\u00edas de tesis"},"content":{"rendered":"\t\t<div data-elementor-type=\"wp-page\" data-elementor-id=\"9138\" class=\"elementor elementor-9138\" data-elementor-post-type=\"page\">\n\t\t\t\t\t\t<section class=\"elementor-section elementor-top-section elementor-element elementor-element-3054daf9 elementor-section-boxed elementor-section-height-default elementor-section-height-default wd-section-disabled\" data-id=\"3054daf9\" data-element_type=\"section\" data-settings=\"{&quot;ekit_has_onepagescroll_dot&quot;:&quot;yes&quot;}\">\n\t\t\t\t\t\t<div class=\"elementor-container elementor-column-gap-default\">\n\t\t\t\t\t<div class=\"elementor-column elementor-col-50 elementor-top-column elementor-element elementor-element-654f7744\" data-id=\"654f7744\" data-element_type=\"column\">\n\t\t\t<div class=\"elementor-widget-wrap elementor-element-populated\">\n\t\t\t\t\t\t<div class=\"elementor-element elementor-element-4c79504f elementor-widget elementor-widget-wd_title\" data-id=\"4c79504f\" data-element_type=\"widget\" data-settings=\"{&quot;ekit_we_effect_on&quot;:&quot;none&quot;}\" data-widget_type=\"wd_title.default\">\n\t\t\t\t<div class=\"elementor-widget-container\">\n\t\t\t\t\t\t\t\t<link rel=\"stylesheet\" id=\"wd-section-title-css\" href=\"https:\/\/carolinacordobaeditora.ar\/wp-content\/themes\/woodmart\/css\/parts\/el-section-title.min.css?ver=7.3.4\" type=\"text\/css\" media=\"all\" \/> \t\t\t\t\t<div class=\"title-wrapper set-mb-s reset-last-child wd-title-color-default wd-title-style-default wd-title-size-large text-left\">\n\n\t\t\t\n\t\t\t<div class=\"liner-continer\">\n\t\t\t\t<h4 class=\"woodmart-title-container title wd-fontsize-xxl\">TUTOR\u00cdAS DE TESIS<\/h4> \n\t\t\t\t\t\t\t<\/div>\n\n\t\t\t\t\t<\/div>\n\t\t\t\t\t\t<\/div>\n\t\t\t\t<\/div>\n\t\t\t\t<div class=\"elementor-element elementor-element-127c240 elementor-widget elementor-widget-wd_title\" data-id=\"127c240\" data-element_type=\"widget\" data-settings=\"{&quot;ekit_we_effect_on&quot;:&quot;none&quot;}\" data-widget_type=\"wd_title.default\">\n\t\t\t\t<div class=\"elementor-widget-container\">\n\t\t\t\t\t\t\t<div class=\"title-wrapper set-mb-s reset-last-child wd-title-color-default wd-title-style-default wd-title-size-large text-left\">\n\n\t\t\t\n\t\t\t<div class=\"liner-continer\">\n\t\t\t\t<h4 class=\"woodmart-title-container title wd-fontsize-xxl\">No sos vos, no soy yo... \u00a1es la tesis!<\/h4> \n\t\t\t\t\t\t\t<\/div>\n\n\t\t\t\t\t<\/div>\n\t\t\t\t\t\t<\/div>\n\t\t\t\t<\/div>\n\t\t\t\t<div class=\"elementor-element elementor-element-53c931df elementor-widget elementor-widget-wd_text_block\" data-id=\"53c931df\" data-element_type=\"widget\" data-settings=\"{&quot;ekit_we_effect_on&quot;:&quot;none&quot;}\" data-widget_type=\"wd_text_block.default\">\n\t\t\t\t<div class=\"elementor-widget-container\">\n\t\t\t\t\t\t\t\t<link rel=\"stylesheet\" id=\"wd-text-block-css\" href=\"https:\/\/carolinacordobaeditora.ar\/wp-content\/themes\/woodmart\/css\/parts\/el-text-block.min.css?ver=7.3.4\" type=\"text\/css\" media=\"all\" \/> \t\t\t\t\t<div class=\"wd-text-block reset-last-child text-left\">\n\t\t\t\n\t\t\t<p>\u00bfTu director\/a no te contesta los mails y no sab\u00e9s c\u00f3mo resolver los avances? \u00bfLa metodolog\u00eda te est\u00e1 poniendo de cabeza? Yo puedo ayudarte con tutor\u00edas online y personalizadas, seg\u00fan tu proyecto de investigaci\u00f3n<\/p>\n\t\t\t\t\t<\/div>\n\t\t\t\t\t\t<\/div>\n\t\t\t\t<\/div>\n\t\t\t\t<div class=\"elementor-element elementor-element-5cccad0 elementor-widget elementor-widget-wd_text_block\" data-id=\"5cccad0\" data-element_type=\"widget\" data-settings=\"{&quot;ekit_we_effect_on&quot;:&quot;none&quot;}\" data-widget_type=\"wd_text_block.default\">\n\t\t\t\t<div class=\"elementor-widget-container\">\n\t\t\t\t\t\t\t<div class=\"wd-text-block reset-last-child text-left\">\n\t\t\t\n\t\t\t<p>Las asesor\u00edas estar\u00e1n basadas en tu tesis o TFL, para que puedas establecer una metodolog\u00eda acorde a tu tema y disciplina. Revisamos todo lo que necesites y tengas dudas: hip\u00f3tesis, objetivos, planteamiento del problema, antecedentes (estado de la cuesti\u00f3n), metodolog\u00eda, marco te\u00f3rico y conceptual, etc.<\/p>\n\t\t\t\t\t<\/div>\n\t\t\t\t\t\t<\/div>\n\t\t\t\t<\/div>\n\t\t\t\t<div class=\"elementor-element elementor-element-badbcc0 elementor-widget elementor-widget-image\" data-id=\"badbcc0\" data-element_type=\"widget\" data-settings=\"{&quot;ekit_we_effect_on&quot;:&quot;none&quot;}\" data-widget_type=\"image.default\">\n\t\t\t\t<div class=\"elementor-widget-container\">\n\t\t\t\t\t\t\t\t\t\t\t\t\t\t\t<img fetchpriority=\"high\" decoding=\"async\" width=\"542\" height=\"800\" src=\"https:\/\/carolinacordobaeditora.ar\/wp-content\/uploads\/2023\/06\/IMG_5322-1-542x800.jpg\" class=\"attachment-large size-large wp-image-9143\" alt=\"\" srcset=\"https:\/\/carolinacordobaeditora.ar\/wp-content\/uploads\/2023\/06\/IMG_5322-1-542x800.jpg 542w, https:\/\/carolinacordobaeditora.ar\/wp-content\/uploads\/2023\/06\/IMG_5322-1-203x300.jpg 203w, https:\/\/carolinacordobaeditora.ar\/wp-content\/uploads\/2023\/06\/IMG_5322-1-768x1133.jpg 768w, https:\/\/carolinacordobaeditora.ar\/wp-content\/uploads\/2023\/06\/IMG_5322-1-1041x1536.jpg 1041w, https:\/\/carolinacordobaeditora.ar\/wp-content\/uploads\/2023\/06\/IMG_5322-1-1388x2048.jpg 1388w, https:\/\/carolinacordobaeditora.ar\/wp-content\/uploads\/2023\/06\/IMG_5322-1-scaled.jpg 1735w\" sizes=\"(max-width: 542px) 100vw, 542px\" \/>\t\t\t\t\t\t\t\t\t\t\t\t\t\t\t<\/div>\n\t\t\t\t<\/div>\n\t\t\t\t\t<\/div>\n\t\t<\/div>\n\t\t\t\t<div class=\"elementor-column elementor-col-50 elementor-top-column elementor-element elementor-element-2ec81155\" data-id=\"2ec81155\" data-element_type=\"column\">\n\t\t\t<div class=\"elementor-widget-wrap elementor-element-populated\">\n\t\t\t\t\t\t<div class=\"elementor-element elementor-element-e19c468 elementor-widget elementor-widget-image\" data-id=\"e19c468\" data-element_type=\"widget\" data-settings=\"{&quot;ekit_we_effect_on&quot;:&quot;none&quot;}\" data-widget_type=\"image.default\">\n\t\t\t\t<div class=\"elementor-widget-container\">\n\t\t\t\t\t\t\t\t\t\t\t\t\t\t\t<img decoding=\"async\" width=\"533\" height=\"800\" src=\"https:\/\/carolinacordobaeditora.ar\/wp-content\/uploads\/2023\/06\/IMG_5521-533x800.jpg\" class=\"attachment-large size-large wp-image-9141\" alt=\"\" srcset=\"https:\/\/carolinacordobaeditora.ar\/wp-content\/uploads\/2023\/06\/IMG_5521-533x800.jpg 533w, https:\/\/carolinacordobaeditora.ar\/wp-content\/uploads\/2023\/06\/IMG_5521-200x300.jpg 200w, https:\/\/carolinacordobaeditora.ar\/wp-content\/uploads\/2023\/06\/IMG_5521-768x1152.jpg 768w, https:\/\/carolinacordobaeditora.ar\/wp-content\/uploads\/2023\/06\/IMG_5521-1024x1536.jpg 1024w, https:\/\/carolinacordobaeditora.ar\/wp-content\/uploads\/2023\/06\/IMG_5521-1365x2048.jpg 1365w, https:\/\/carolinacordobaeditora.ar\/wp-content\/uploads\/2023\/06\/IMG_5521-scaled.jpg 1707w\" sizes=\"(max-width: 533px) 100vw, 533px\" \/>\t\t\t\t\t\t\t\t\t\t\t\t\t\t\t<\/div>\n\t\t\t\t<\/div>\n\t\t\t\t<div class=\"elementor-element elementor-element-62459687 elementor-widget elementor-widget-wd_title\" data-id=\"62459687\" data-element_type=\"widget\" data-settings=\"{&quot;ekit_we_effect_on&quot;:&quot;none&quot;}\" data-widget_type=\"wd_title.default\">\n\t\t\t\t<div class=\"elementor-widget-container\">\n\t\t\t\t\t\t\t<div class=\"title-wrapper set-mb-s reset-last-child wd-title-color-default wd-title-style-default wd-title-size-large text-left\">\n\n\t\t\t\n\t\t\t<div class=\"liner-continer\">\n\t\t\t\t<h4 class=\"woodmart-title-container title wd-fontsize-xxl\">Tambi\u00e9n te ayudo a:<\/h4> \n\t\t\t\t\t\t\t<\/div>\n\n\t\t\t\t\t<\/div>\n\t\t\t\t\t\t<\/div>\n\t\t\t\t<\/div>\n\t\t\t\t<div class=\"elementor-element elementor-element-2870c40 elementor-widget elementor-widget-wd_text_block\" data-id=\"2870c40\" data-element_type=\"widget\" data-settings=\"{&quot;ekit_we_effect_on&quot;:&quot;none&quot;}\" data-widget_type=\"wd_text_block.default\">\n\t\t\t\t<div class=\"elementor-widget-container\">\n\t\t\t\t\t\t\t<div class=\"wd-text-block reset-last-child text-left\">\n\t\t\t\n\t\t\t<p>- Ordenar y hacer una lista de tareas de pendientes a realizar;<\/p><p>- Organizar los pasos del trabajo y la investigaci\u00f3n;<\/p><p>- Couchear tu defensa final (con herramientas de oratoria);<\/p><p>- Preparar la presentaci\u00f3n final (power point o cualquier otra plataforma);<\/p><p>- Traducir abstract o resumen al ingl\u00e9s u otro idioma.<\/p><p>- Ajustar el escrito al formato editorial y normativo requerido (t\u00edtulos, subt\u00edtulos, \u00edndice, portada);<\/p><p>- Ordenar la bibliograf\u00eda, seg\u00fan requerimientos de manual de estilo.<\/p>\n\t\t\t\t\t<\/div>\n\t\t\t\t\t\t<\/div>\n\t\t\t\t<\/div>\n\t\t\t\t\t<\/div>\n\t\t<\/div>\n\t\t\t\t\t<\/div>\n\t\t<\/section>\n\t\t\t\t<\/div>\n\t\t","protected":false},"excerpt":{"rendered":"<p>TUTOR\u00cdAS DE TESIS No sos vos, no soy yo&#8230; \u00a1es la tesis! \u00bfTu director\/a no te contesta los mails y<\/p>\n","protected":false},"author":1,"featured_media":0,"parent":0,"menu_order":0,"comment_status":"closed","ping_status":"closed","template":"","meta":{"_joinchat":[],"footnotes":""},"class_list":["post-9138","page","type-page","status-publish","hentry"],"yoast_head":"<!-- This site is optimized with the Yoast SEO plugin v27.1.1 - https:\/\/yoast.com\/product\/yoast-seo-wordpress\/ -->\n<title>Tutor\u00edas de tesis - Carolina Cordoba<\/title>\n<meta name=\"robots\" content=\"index, follow, max-snippet:-1, max-image-preview:large, max-video-preview:-1\" \/>\n<link rel=\"canonical\" href=\"https:\/\/carolinacordobaeditora.ar\/index.php\/tutorias-de-tesis\/\" \/>\n<meta property=\"og:locale\" content=\"es_ES\" \/>\n<meta property=\"og:type\" content=\"article\" \/>\n<meta property=\"og:title\" content=\"Tutor\u00edas de tesis - Carolina Cordoba\" \/>\n<meta property=\"og:description\" content=\"TUTOR\u00cdAS DE TESIS No sos vos, no soy yo&#8230; \u00a1es la tesis! \u00bfTu director\/a no te contesta los mails y\" \/>\n<meta property=\"og:url\" content=\"https:\/\/carolinacordobaeditora.ar\/index.php\/tutorias-de-tesis\/\" \/>\n<meta property=\"og:site_name\" content=\"Carolina Cordoba\" \/>\n<meta property=\"article:modified_time\" content=\"2023-09-30T17:39:55+00:00\" \/>\n<meta property=\"og:image\" content=\"https:\/\/carolinacordobaeditora.ar\/wp-content\/uploads\/2023\/06\/IMG_5322-1-542x800.jpg\" \/>\n<meta name=\"twitter:card\" content=\"summary_large_image\" \/>\n<meta name=\"twitter:label1\" content=\"Tiempo de lectura\" \/>\n\t<meta name=\"twitter:data1\" content=\"1 minuto\" \/>\n<script type=\"application\/ld+json\" class=\"yoast-schema-graph\">{\"@context\":\"https:\/\/schema.org\",\"@graph\":[{\"@type\":\"WebPage\",\"@id\":\"https:\/\/carolinacordobaeditora.ar\/index.php\/tutorias-de-tesis\/\",\"url\":\"https:\/\/carolinacordobaeditora.ar\/index.php\/tutorias-de-tesis\/\",\"name\":\"Tutor\u00edas de tesis - Carolina Cordoba\",\"isPartOf\":{\"@id\":\"https:\/\/carolinacordobaeditora.ar\/#website\"},\"primaryImageOfPage\":{\"@id\":\"https:\/\/carolinacordobaeditora.ar\/index.php\/tutorias-de-tesis\/#primaryimage\"},\"image\":{\"@id\":\"https:\/\/carolinacordobaeditora.ar\/index.php\/tutorias-de-tesis\/#primaryimage\"},\"thumbnailUrl\":\"https:\/\/carolinacordobaeditora.ar\/wp-content\/uploads\/2023\/06\/IMG_5322-1-542x800.jpg\",\"datePublished\":\"2023-06-15T21:47:11+00:00\",\"dateModified\":\"2023-09-30T17:39:55+00:00\",\"breadcrumb\":{\"@id\":\"https:\/\/carolinacordobaeditora.ar\/index.php\/tutorias-de-tesis\/#breadcrumb\"},\"inLanguage\":\"es\",\"potentialAction\":[{\"@type\":\"ReadAction\",\"target\":[\"https:\/\/carolinacordobaeditora.ar\/index.php\/tutorias-de-tesis\/\"]}]},{\"@type\":\"ImageObject\",\"inLanguage\":\"es\",\"@id\":\"https:\/\/carolinacordobaeditora.ar\/index.php\/tutorias-de-tesis\/#primaryimage\",\"url\":\"https:\/\/carolinacordobaeditora.ar\/wp-content\/uploads\/2023\/06\/IMG_5322-1-scaled.jpg\",\"contentUrl\":\"https:\/\/carolinacordobaeditora.ar\/wp-content\/uploads\/2023\/06\/IMG_5322-1-scaled.jpg\",\"width\":1735,\"height\":2560},{\"@type\":\"BreadcrumbList\",\"@id\":\"https:\/\/carolinacordobaeditora.ar\/index.php\/tutorias-de-tesis\/#breadcrumb\",\"itemListElement\":[{\"@type\":\"ListItem\",\"position\":1,\"name\":\"Portada\",\"item\":\"https:\/\/carolinacordobaeditora.ar\/\"},{\"@type\":\"ListItem\",\"position\":2,\"name\":\"Tutor\u00edas de tesis\"}]},{\"@type\":\"WebSite\",\"@id\":\"https:\/\/carolinacordobaeditora.ar\/#website\",\"url\":\"https:\/\/carolinacordobaeditora.ar\/\",\"name\":\"Carolina Cordoba | Correcciones de textos y asesor\u00edas en trabajos acad\u00e9micos\",\"description\":\"Correcciones de textos y asesor\u00edas en trabajos acad\u00e9micos\",\"publisher\":{\"@id\":\"https:\/\/carolinacordobaeditora.ar\/#organization\"},\"potentialAction\":[{\"@type\":\"SearchAction\",\"target\":{\"@type\":\"EntryPoint\",\"urlTemplate\":\"https:\/\/carolinacordobaeditora.ar\/?s={search_term_string}\"},\"query-input\":{\"@type\":\"PropertyValueSpecification\",\"valueRequired\":true,\"valueName\":\"search_term_string\"}}],\"inLanguage\":\"es\"},{\"@type\":\"Organization\",\"@id\":\"https:\/\/carolinacordobaeditora.ar\/#organization\",\"name\":\"Carolina Cordoba\",\"url\":\"https:\/\/carolinacordobaeditora.ar\/\",\"logo\":{\"@type\":\"ImageObject\",\"inLanguage\":\"es\",\"@id\":\"https:\/\/carolinacordobaeditora.ar\/#\/schema\/logo\/image\/\",\"url\":\"https:\/\/carolinacordobaeditora.ar\/wp-content\/uploads\/2023\/06\/1.png\",\"contentUrl\":\"https:\/\/carolinacordobaeditora.ar\/wp-content\/uploads\/2023\/06\/1.png\",\"width\":500,\"height\":170,\"caption\":\"Carolina Cordoba\"},\"image\":{\"@id\":\"https:\/\/carolinacordobaeditora.ar\/#\/schema\/logo\/image\/\"}}]}<\/script>\n<!-- \/ Yoast SEO plugin. -->","yoast_head_json":{"title":"Tutor\u00edas de tesis - Carolina Cordoba","robots":{"index":"index","follow":"follow","max-snippet":"max-snippet:-1","max-image-preview":"max-image-preview:large","max-video-preview":"max-video-preview:-1"},"canonical":"https:\/\/carolinacordobaeditora.ar\/index.php\/tutorias-de-tesis\/","og_locale":"es_ES","og_type":"article","og_title":"Tutor\u00edas de tesis - Carolina Cordoba","og_description":"TUTOR\u00cdAS DE TESIS No sos vos, no soy yo&#8230; \u00a1es la tesis! \u00bfTu director\/a no te contesta los mails y","og_url":"https:\/\/carolinacordobaeditora.ar\/index.php\/tutorias-de-tesis\/","og_site_name":"Carolina Cordoba","article_modified_time":"2023-09-30T17:39:55+00:00","og_image":[{"url":"https:\/\/carolinacordobaeditora.ar\/wp-content\/uploads\/2023\/06\/IMG_5322-1-542x800.jpg","type":"","width":"","height":""}],"twitter_card":"summary_large_image","twitter_misc":{"Tiempo de lectura":"1 minuto"},"schema":{"@context":"https:\/\/schema.org","@graph":[{"@type":"WebPage","@id":"https:\/\/carolinacordobaeditora.ar\/index.php\/tutorias-de-tesis\/","url":"https:\/\/carolinacordobaeditora.ar\/index.php\/tutorias-de-tesis\/","name":"Tutor\u00edas de tesis - Carolina Cordoba","isPartOf":{"@id":"https:\/\/carolinacordobaeditora.ar\/#website"},"primaryImageOfPage":{"@id":"https:\/\/carolinacordobaeditora.ar\/index.php\/tutorias-de-tesis\/#primaryimage"},"image":{"@id":"https:\/\/carolinacordobaeditora.ar\/index.php\/tutorias-de-tesis\/#primaryimage"},"thumbnailUrl":"https:\/\/carolinacordobaeditora.ar\/wp-content\/uploads\/2023\/06\/IMG_5322-1-542x800.jpg","datePublished":"2023-06-15T21:47:11+00:00","dateModified":"2023-09-30T17:39:55+00:00","breadcrumb":{"@id":"https:\/\/carolinacordobaeditora.ar\/index.php\/tutorias-de-tesis\/#breadcrumb"},"inLanguage":"es","potentialAction":[{"@type":"ReadAction","target":["https:\/\/carolinacordobaeditora.ar\/index.php\/tutorias-de-tesis\/"]}]},{"@type":"ImageObject","inLanguage":"es","@id":"https:\/\/carolinacordobaeditora.ar\/index.php\/tutorias-de-tesis\/#primaryimage","url":"https:\/\/carolinacordobaeditora.ar\/wp-content\/uploads\/2023\/06\/IMG_5322-1-scaled.jpg","contentUrl":"https:\/\/carolinacordobaeditora.ar\/wp-content\/uploads\/2023\/06\/IMG_5322-1-scaled.jpg","width":1735,"height":2560},{"@type":"BreadcrumbList","@id":"https:\/\/carolinacordobaeditora.ar\/index.php\/tutorias-de-tesis\/#breadcrumb","itemListElement":[{"@type":"ListItem","position":1,"name":"Portada","item":"https:\/\/carolinacordobaeditora.ar\/"},{"@type":"ListItem","position":2,"name":"Tutor\u00edas de tesis"}]},{"@type":"WebSite","@id":"https:\/\/carolinacordobaeditora.ar\/#website","url":"https:\/\/carolinacordobaeditora.ar\/","name":"Carolina Cordoba | Correcciones de textos y asesor\u00edas en trabajos acad\u00e9micos","description":"Correcciones de textos y asesor\u00edas en trabajos acad\u00e9micos","publisher":{"@id":"https:\/\/carolinacordobaeditora.ar\/#organization"},"potentialAction":[{"@type":"SearchAction","target":{"@type":"EntryPoint","urlTemplate":"https:\/\/carolinacordobaeditora.ar\/?s={search_term_string}"},"query-input":{"@type":"PropertyValueSpecification","valueRequired":true,"valueName":"search_term_string"}}],"inLanguage":"es"},{"@type":"Organization","@id":"https:\/\/carolinacordobaeditora.ar\/#organization","name":"Carolina Cordoba","url":"https:\/\/carolinacordobaeditora.ar\/","logo":{"@type":"ImageObject","inLanguage":"es","@id":"https:\/\/carolinacordobaeditora.ar\/#\/schema\/logo\/image\/","url":"https:\/\/carolinacordobaeditora.ar\/wp-content\/uploads\/2023\/06\/1.png","contentUrl":"https:\/\/carolinacordobaeditora.ar\/wp-content\/uploads\/2023\/06\/1.png","width":500,"height":170,"caption":"Carolina Cordoba"},"image":{"@id":"https:\/\/carolinacordobaeditora.ar\/#\/schema\/logo\/image\/"}}]}},"_links":{"self":[{"href":"https:\/\/carolinacordobaeditora.ar\/index.php\/wp-json\/wp\/v2\/pages\/9138","targetHints":{"allow":["GET"]}}],"collection":[{"href":"https:\/\/carolinacordobaeditora.ar\/index.php\/wp-json\/wp\/v2\/pages"}],"about":[{"href":"https:\/\/carolinacordobaeditora.ar\/index.php\/wp-json\/wp\/v2\/types\/page"}],"author":[{"embeddable":true,"href":"https:\/\/carolinacordobaeditora.ar\/index.php\/wp-json\/wp\/v2\/users\/1"}],"replies":[{"embeddable":true,"href":"https:\/\/carolinacordobaeditora.ar\/index.php\/wp-json\/wp\/v2\/comments?post=9138"}],"version-history":[{"count":0,"href":"https:\/\/carolinacordobaeditora.ar\/index.php\/wp-json\/wp\/v2\/pages\/9138\/revisions"}],"wp:attachment":[{"href":"https:\/\/carolinacordobaeditora.ar\/index.php\/wp-json\/wp\/v2\/media?parent=9138"}],"curies":[{"name":"wp","href":"https:\/\/api.w.org\/{rel}","templated":true}]}}