{"id":9076,"date":"2023-06-15T21:11:24","date_gmt":"2023-06-15T21:11:24","guid":{"rendered":"https:\/\/carolinacordobaeditora.ar\/?page_id=9076"},"modified":"2023-09-30T17:45:05","modified_gmt":"2023-09-30T17:45:05","slug":"correccion-de-textos","status":"publish","type":"page","link":"https:\/\/carolinacordobaeditora.ar\/index.php\/correccion-de-textos\/","title":{"rendered":"Correcci\u00f3n de textos"},"content":{"rendered":"\t\t<div data-elementor-type=\"wp-page\" data-elementor-id=\"9076\" class=\"elementor elementor-9076\" data-elementor-post-type=\"page\">\n\t\t\t\t\t\t<section class=\"elementor-section elementor-top-section elementor-element elementor-element-18c6f6b8 elementor-section-boxed elementor-section-height-default elementor-section-height-default wd-section-disabled\" data-id=\"18c6f6b8\" data-element_type=\"section\" data-settings=\"{&quot;ekit_has_onepagescroll_dot&quot;:&quot;yes&quot;}\">\n\t\t\t\t\t\t<div class=\"elementor-container elementor-column-gap-default\">\n\t\t\t\t\t<div class=\"elementor-column elementor-col-50 elementor-top-column elementor-element elementor-element-47d47cd7\" data-id=\"47d47cd7\" data-element_type=\"column\">\n\t\t\t<div class=\"elementor-widget-wrap elementor-element-populated\">\n\t\t\t\t\t\t<div class=\"elementor-element elementor-element-416a4fb3 elementor-widget elementor-widget-wd_title\" data-id=\"416a4fb3\" data-element_type=\"widget\" data-settings=\"{&quot;ekit_we_effect_on&quot;:&quot;none&quot;}\" data-widget_type=\"wd_title.default\">\n\t\t\t\t<div class=\"elementor-widget-container\">\n\t\t\t\t\t\t\t\t<link rel=\"stylesheet\" id=\"wd-section-title-css\" href=\"https:\/\/carolinacordobaeditora.ar\/wp-content\/themes\/woodmart\/css\/parts\/el-section-title.min.css?ver=7.3.4\" type=\"text\/css\" media=\"all\" \/> \t\t\t\t\t<div class=\"title-wrapper set-mb-s reset-last-child wd-title-color-default wd-title-style-default wd-title-size-large text-left\">\n\n\t\t\t\n\t\t\t<div class=\"liner-continer\">\n\t\t\t\t<h4 class=\"woodmart-title-container title wd-fontsize-xxl\">CORRECI\u00d3N DE TEXTOS<\/h4> \n\t\t\t\t\t\t\t<\/div>\n\n\t\t\t\t\t<\/div>\n\t\t\t\t\t\t<\/div>\n\t\t\t\t<\/div>\n\t\t\t\t<div class=\"elementor-element elementor-element-53d898b8 elementor-widget elementor-widget-wd_title\" data-id=\"53d898b8\" data-element_type=\"widget\" data-settings=\"{&quot;ekit_we_effect_on&quot;:&quot;none&quot;}\" data-widget_type=\"wd_title.default\">\n\t\t\t\t<div class=\"elementor-widget-container\">\n\t\t\t\t\t\t\t<div class=\"title-wrapper set-mb-s reset-last-child wd-title-color-default wd-title-style-default wd-title-size-large text-left\">\n\n\t\t\t\n\t\t\t<div class=\"liner-continer\">\n\t\t\t\t<h4 class=\"woodmart-title-container title wd-fontsize-xxl\">Errar es humano... \u00a1corregir, tambi\u00e9n!<\/h4> \n\t\t\t\t\t\t\t<\/div>\n\n\t\t\t\t\t<\/div>\n\t\t\t\t\t\t<\/div>\n\t\t\t\t<\/div>\n\t\t\t\t<div class=\"elementor-element elementor-element-61b682e3 elementor-widget elementor-widget-wd_text_block\" data-id=\"61b682e3\" data-element_type=\"widget\" data-settings=\"{&quot;ekit_we_effect_on&quot;:&quot;none&quot;}\" data-widget_type=\"wd_text_block.default\">\n\t\t\t\t<div class=\"elementor-widget-container\">\n\t\t\t\t\t\t\t\t<link rel=\"stylesheet\" id=\"wd-text-block-css\" href=\"https:\/\/carolinacordobaeditora.ar\/wp-content\/themes\/woodmart\/css\/parts\/el-text-block.min.css?ver=7.3.4\" type=\"text\/css\" media=\"all\" \/> \t\t\t\t\t<div class=\"wd-text-block reset-last-child text-left\">\n\t\t\t\n\t\t\t<p>Correcci\u00f3n para cualquier tipo de texto: \u00bfqu\u00e9 te ofrezco?<\/p><p><strong>- Precisi\u00f3n milim\u00e9trica:<\/strong> olvidate de los errores gramaticales que pueden arruinar tu texto. Mi trabajo es detectar hasta el m\u00e1s m\u00ednimo error y ofrecerte las alternativas adecuadas para su correcci\u00f3n.<\/p><p><strong>- Confianza en tu comunicaci\u00f3n<\/strong>: con la correcci\u00f3n ortotipogr\u00e1fica, transmitir\u00e1s confianza y profesionalidad en tus textos. Una buena ortograf\u00eda y topograf\u00eda siempre te har\u00e1 destacar, sobre todo har\u00e1 que tu trabajo luzca profesional y de calidad.<\/p><p><strong>- Personalizaci\u00f3n:<\/strong> el servicio de correcci\u00f3n textual se adapta a tu estilo de escritura y a tus preferencias, respetando los localismos, expresiones idiom\u00e1ticas y t\u00e9rminos t\u00e9cnicos propios de tu campo.<\/p><p><strong>SEGURIDAD GARANTIZADA.<\/strong> Pod\u00e9s confiar en que tus textos estar\u00e1n protegidos y no ser\u00e1n utilizados para ning\u00fan otro prop\u00f3sito.<\/p>\n\t\t\t\t\t<\/div>\n\t\t\t\t\t\t<\/div>\n\t\t\t\t<\/div>\n\t\t\t\t<div class=\"elementor-element elementor-element-31a86d83 elementor-widget elementor-widget-image\" data-id=\"31a86d83\" data-element_type=\"widget\" data-settings=\"{&quot;ekit_we_effect_on&quot;:&quot;none&quot;}\" data-widget_type=\"image.default\">\n\t\t\t\t<div class=\"elementor-widget-container\">\n\t\t\t\t\t\t\t\t\t\t\t\t\t\t\t<img fetchpriority=\"high\" decoding=\"async\" width=\"283\" height=\"440\" src=\"https:\/\/carolinacordobaeditora.ar\/wp-content\/uploads\/2023\/03\/2-1.jpg\" class=\"attachment-large size-large wp-image-8695\" alt=\"\" srcset=\"https:\/\/carolinacordobaeditora.ar\/wp-content\/uploads\/2023\/03\/2-1.jpg 283w, https:\/\/carolinacordobaeditora.ar\/wp-content\/uploads\/2023\/03\/2-1-193x300.jpg 193w, https:\/\/carolinacordobaeditora.ar\/wp-content\/uploads\/2023\/03\/2-1-150x233.jpg 150w\" sizes=\"(max-width: 283px) 100vw, 283px\" \/>\t\t\t\t\t\t\t\t\t\t\t\t\t\t\t<\/div>\n\t\t\t\t<\/div>\n\t\t\t\t\t<\/div>\n\t\t<\/div>\n\t\t\t\t<div class=\"elementor-column elementor-col-50 elementor-top-column elementor-element elementor-element-ebbf274\" data-id=\"ebbf274\" data-element_type=\"column\">\n\t\t\t<div class=\"elementor-widget-wrap elementor-element-populated\">\n\t\t\t\t\t\t<div class=\"elementor-element elementor-element-263d0a41 elementor-hidden-mobile elementor-widget elementor-widget-image\" data-id=\"263d0a41\" data-element_type=\"widget\" data-settings=\"{&quot;ekit_we_effect_on&quot;:&quot;none&quot;}\" data-widget_type=\"image.default\">\n\t\t\t\t<div class=\"elementor-widget-container\">\n\t\t\t\t\t\t\t\t\t\t\t\t\t\t\t<img decoding=\"async\" width=\"487\" height=\"800\" src=\"https:\/\/carolinacordobaeditora.ar\/wp-content\/uploads\/2023\/08\/IMG_5494-487x800.jpg\" class=\"attachment-large size-large wp-image-9427\" alt=\"\" srcset=\"https:\/\/carolinacordobaeditora.ar\/wp-content\/uploads\/2023\/08\/IMG_5494-487x800.jpg 487w, https:\/\/carolinacordobaeditora.ar\/wp-content\/uploads\/2023\/08\/IMG_5494-182x300.jpg 182w, https:\/\/carolinacordobaeditora.ar\/wp-content\/uploads\/2023\/08\/IMG_5494-768x1263.jpg 768w, https:\/\/carolinacordobaeditora.ar\/wp-content\/uploads\/2023\/08\/IMG_5494-934x1536.jpg 934w, https:\/\/carolinacordobaeditora.ar\/wp-content\/uploads\/2023\/08\/IMG_5494-1246x2048.jpg 1246w, https:\/\/carolinacordobaeditora.ar\/wp-content\/uploads\/2023\/08\/IMG_5494-scaled.jpg 1557w\" sizes=\"(max-width: 487px) 100vw, 487px\" \/>\t\t\t\t\t\t\t\t\t\t\t\t\t\t\t<\/div>\n\t\t\t\t<\/div>\n\t\t\t\t<div class=\"elementor-element elementor-element-50ea3fbd elementor-widget elementor-widget-wd_title\" data-id=\"50ea3fbd\" data-element_type=\"widget\" data-settings=\"{&quot;ekit_we_effect_on&quot;:&quot;none&quot;}\" data-widget_type=\"wd_title.default\">\n\t\t\t\t<div class=\"elementor-widget-container\">\n\t\t\t\t\t\t\t<div class=\"title-wrapper set-mb-s reset-last-child wd-title-color-default wd-title-style-default wd-title-size-large text-left\">\n\n\t\t\t\n\t\t\t<div class=\"liner-continer\">\n\t\t\t\t<h4 class=\"woodmart-title-container title wd-fontsize-xxl\">\u00bfQu\u00e9 implica corregir un texto?<\/h4> \n\t\t\t\t\t\t\t<\/div>\n\n\t\t\t\t\t<\/div>\n\t\t\t\t\t\t<\/div>\n\t\t\t\t<\/div>\n\t\t\t\t<div class=\"elementor-element elementor-element-4f0c2937 elementor-widget elementor-widget-wd_text_block\" data-id=\"4f0c2937\" data-element_type=\"widget\" data-settings=\"{&quot;ekit_we_effect_on&quot;:&quot;none&quot;}\" data-widget_type=\"wd_text_block.default\">\n\t\t\t\t<div class=\"elementor-widget-container\">\n\t\t\t\t\t\t\t<div class=\"wd-text-block reset-last-child text-left\">\n\t\t\t\n\t\t\t<p>-Revisar el correcto uso de la ortograf\u00eda y tipograf\u00eda, seg\u00fan el estilo de texto.<\/p><p>- Adaptar, revisar y producir textos de diversos g\u00e9neros (tesis, publicitario, novela, cuentos, trabajos acad\u00e9micos, p\u00e1ginas web, etc.)<\/p><p>- Controlar la excelente calidad ling\u00fc\u00edstica (coherencia, cohesi\u00f3n, sintaxis y gram\u00e1tica del espa\u00f1ol)<\/p>\n\t\t\t\t\t<\/div>\n\t\t\t\t\t\t<\/div>\n\t\t\t\t<\/div>\n\t\t\t\t<div class=\"elementor-element elementor-element-4fc9200 elementor-hidden-desktop elementor-hidden-tablet elementor-widget elementor-widget-image\" data-id=\"4fc9200\" data-element_type=\"widget\" data-settings=\"{&quot;ekit_we_effect_on&quot;:&quot;none&quot;}\" data-widget_type=\"image.default\">\n\t\t\t\t<div class=\"elementor-widget-container\">\n\t\t\t\t\t\t\t\t\t\t\t\t\t\t\t<img decoding=\"async\" width=\"487\" height=\"800\" src=\"https:\/\/carolinacordobaeditora.ar\/wp-content\/uploads\/2023\/08\/IMG_5494-487x800.jpg\" class=\"attachment-large size-large wp-image-9427\" alt=\"\" srcset=\"https:\/\/carolinacordobaeditora.ar\/wp-content\/uploads\/2023\/08\/IMG_5494-487x800.jpg 487w, https:\/\/carolinacordobaeditora.ar\/wp-content\/uploads\/2023\/08\/IMG_5494-182x300.jpg 182w, https:\/\/carolinacordobaeditora.ar\/wp-content\/uploads\/2023\/08\/IMG_5494-768x1263.jpg 768w, https:\/\/carolinacordobaeditora.ar\/wp-content\/uploads\/2023\/08\/IMG_5494-934x1536.jpg 934w, https:\/\/carolinacordobaeditora.ar\/wp-content\/uploads\/2023\/08\/IMG_5494-1246x2048.jpg 1246w, https:\/\/carolinacordobaeditora.ar\/wp-content\/uploads\/2023\/08\/IMG_5494-scaled.jpg 1557w\" sizes=\"(max-width: 487px) 100vw, 487px\" \/>\t\t\t\t\t\t\t\t\t\t\t\t\t\t\t<\/div>\n\t\t\t\t<\/div>\n\t\t\t\t\t<\/div>\n\t\t<\/div>\n\t\t\t\t\t<\/div>\n\t\t<\/section>\n\t\t\t\t<\/div>\n\t\t","protected":false},"excerpt":{"rendered":"<p>CORRECI\u00d3N DE TEXTOS Errar es humano&#8230; \u00a1corregir, tambi\u00e9n! Correcci\u00f3n para cualquier tipo de texto: \u00bfqu\u00e9 te ofrezco? &#8211; Precisi\u00f3n milim\u00e9trica:<\/p>\n","protected":false},"author":1,"featured_media":0,"parent":0,"menu_order":0,"comment_status":"closed","ping_status":"closed","template":"","meta":{"_joinchat":[],"footnotes":""},"class_list":["post-9076","page","type-page","status-publish","hentry"],"yoast_head":"<!-- This site is optimized with the Yoast SEO plugin v27.1.1 - https:\/\/yoast.com\/product\/yoast-seo-wordpress\/ -->\n<title>Correcci\u00f3n de textos - Carolina Cordoba<\/title>\n<meta name=\"robots\" content=\"index, follow, max-snippet:-1, max-image-preview:large, max-video-preview:-1\" \/>\n<link rel=\"canonical\" href=\"https:\/\/carolinacordobaeditora.ar\/index.php\/correccion-de-textos\/\" \/>\n<meta property=\"og:locale\" content=\"es_ES\" \/>\n<meta property=\"og:type\" content=\"article\" \/>\n<meta property=\"og:title\" content=\"Correcci\u00f3n de textos - Carolina Cordoba\" \/>\n<meta property=\"og:description\" content=\"CORRECI\u00d3N DE TEXTOS Errar es humano&#8230; \u00a1corregir, tambi\u00e9n! Correcci\u00f3n para cualquier tipo de texto: \u00bfqu\u00e9 te ofrezco? &#8211; Precisi\u00f3n milim\u00e9trica:\" \/>\n<meta property=\"og:url\" content=\"https:\/\/carolinacordobaeditora.ar\/index.php\/correccion-de-textos\/\" \/>\n<meta property=\"og:site_name\" content=\"Carolina Cordoba\" \/>\n<meta property=\"article:modified_time\" content=\"2023-09-30T17:45:05+00:00\" \/>\n<meta property=\"og:image\" content=\"https:\/\/carolinacordobaeditora.ar\/wp-content\/uploads\/2023\/03\/2-1.jpg\" \/>\n<meta name=\"twitter:card\" content=\"summary_large_image\" \/>\n<meta name=\"twitter:label1\" content=\"Tiempo de lectura\" \/>\n\t<meta name=\"twitter:data1\" content=\"1 minuto\" \/>\n<script type=\"application\/ld+json\" class=\"yoast-schema-graph\">{\"@context\":\"https:\/\/schema.org\",\"@graph\":[{\"@type\":\"WebPage\",\"@id\":\"https:\/\/carolinacordobaeditora.ar\/index.php\/correccion-de-textos\/\",\"url\":\"https:\/\/carolinacordobaeditora.ar\/index.php\/correccion-de-textos\/\",\"name\":\"Correcci\u00f3n de textos - Carolina Cordoba\",\"isPartOf\":{\"@id\":\"https:\/\/carolinacordobaeditora.ar\/#website\"},\"primaryImageOfPage\":{\"@id\":\"https:\/\/carolinacordobaeditora.ar\/index.php\/correccion-de-textos\/#primaryimage\"},\"image\":{\"@id\":\"https:\/\/carolinacordobaeditora.ar\/index.php\/correccion-de-textos\/#primaryimage\"},\"thumbnailUrl\":\"https:\/\/carolinacordobaeditora.ar\/wp-content\/uploads\/2023\/03\/2-1.jpg\",\"datePublished\":\"2023-06-15T21:11:24+00:00\",\"dateModified\":\"2023-09-30T17:45:05+00:00\",\"breadcrumb\":{\"@id\":\"https:\/\/carolinacordobaeditora.ar\/index.php\/correccion-de-textos\/#breadcrumb\"},\"inLanguage\":\"es\",\"potentialAction\":[{\"@type\":\"ReadAction\",\"target\":[\"https:\/\/carolinacordobaeditora.ar\/index.php\/correccion-de-textos\/\"]}]},{\"@type\":\"ImageObject\",\"inLanguage\":\"es\",\"@id\":\"https:\/\/carolinacordobaeditora.ar\/index.php\/correccion-de-textos\/#primaryimage\",\"url\":\"https:\/\/carolinacordobaeditora.ar\/wp-content\/uploads\/2023\/03\/2-1.jpg\",\"contentUrl\":\"https:\/\/carolinacordobaeditora.ar\/wp-content\/uploads\/2023\/03\/2-1.jpg\",\"width\":283,\"height\":440},{\"@type\":\"BreadcrumbList\",\"@id\":\"https:\/\/carolinacordobaeditora.ar\/index.php\/correccion-de-textos\/#breadcrumb\",\"itemListElement\":[{\"@type\":\"ListItem\",\"position\":1,\"name\":\"Portada\",\"item\":\"https:\/\/carolinacordobaeditora.ar\/\"},{\"@type\":\"ListItem\",\"position\":2,\"name\":\"Correcci\u00f3n de textos\"}]},{\"@type\":\"WebSite\",\"@id\":\"https:\/\/carolinacordobaeditora.ar\/#website\",\"url\":\"https:\/\/carolinacordobaeditora.ar\/\",\"name\":\"Carolina Cordoba | Correcciones de textos y asesor\u00edas en trabajos acad\u00e9micos\",\"description\":\"Correcciones de textos y asesor\u00edas en trabajos acad\u00e9micos\",\"publisher\":{\"@id\":\"https:\/\/carolinacordobaeditora.ar\/#organization\"},\"potentialAction\":[{\"@type\":\"SearchAction\",\"target\":{\"@type\":\"EntryPoint\",\"urlTemplate\":\"https:\/\/carolinacordobaeditora.ar\/?s={search_term_string}\"},\"query-input\":{\"@type\":\"PropertyValueSpecification\",\"valueRequired\":true,\"valueName\":\"search_term_string\"}}],\"inLanguage\":\"es\"},{\"@type\":\"Organization\",\"@id\":\"https:\/\/carolinacordobaeditora.ar\/#organization\",\"name\":\"Carolina Cordoba\",\"url\":\"https:\/\/carolinacordobaeditora.ar\/\",\"logo\":{\"@type\":\"ImageObject\",\"inLanguage\":\"es\",\"@id\":\"https:\/\/carolinacordobaeditora.ar\/#\/schema\/logo\/image\/\",\"url\":\"https:\/\/carolinacordobaeditora.ar\/wp-content\/uploads\/2023\/06\/1.png\",\"contentUrl\":\"https:\/\/carolinacordobaeditora.ar\/wp-content\/uploads\/2023\/06\/1.png\",\"width\":500,\"height\":170,\"caption\":\"Carolina Cordoba\"},\"image\":{\"@id\":\"https:\/\/carolinacordobaeditora.ar\/#\/schema\/logo\/image\/\"}}]}<\/script>\n<!-- \/ Yoast SEO plugin. -->","yoast_head_json":{"title":"Correcci\u00f3n de textos - Carolina Cordoba","robots":{"index":"index","follow":"follow","max-snippet":"max-snippet:-1","max-image-preview":"max-image-preview:large","max-video-preview":"max-video-preview:-1"},"canonical":"https:\/\/carolinacordobaeditora.ar\/index.php\/correccion-de-textos\/","og_locale":"es_ES","og_type":"article","og_title":"Correcci\u00f3n de textos - Carolina Cordoba","og_description":"CORRECI\u00d3N DE TEXTOS Errar es humano&#8230; \u00a1corregir, tambi\u00e9n! Correcci\u00f3n para cualquier tipo de texto: \u00bfqu\u00e9 te ofrezco? &#8211; Precisi\u00f3n milim\u00e9trica:","og_url":"https:\/\/carolinacordobaeditora.ar\/index.php\/correccion-de-textos\/","og_site_name":"Carolina Cordoba","article_modified_time":"2023-09-30T17:45:05+00:00","og_image":[{"url":"https:\/\/carolinacordobaeditora.ar\/wp-content\/uploads\/2023\/03\/2-1.jpg","type":"","width":"","height":""}],"twitter_card":"summary_large_image","twitter_misc":{"Tiempo de lectura":"1 minuto"},"schema":{"@context":"https:\/\/schema.org","@graph":[{"@type":"WebPage","@id":"https:\/\/carolinacordobaeditora.ar\/index.php\/correccion-de-textos\/","url":"https:\/\/carolinacordobaeditora.ar\/index.php\/correccion-de-textos\/","name":"Correcci\u00f3n de textos - Carolina Cordoba","isPartOf":{"@id":"https:\/\/carolinacordobaeditora.ar\/#website"},"primaryImageOfPage":{"@id":"https:\/\/carolinacordobaeditora.ar\/index.php\/correccion-de-textos\/#primaryimage"},"image":{"@id":"https:\/\/carolinacordobaeditora.ar\/index.php\/correccion-de-textos\/#primaryimage"},"thumbnailUrl":"https:\/\/carolinacordobaeditora.ar\/wp-content\/uploads\/2023\/03\/2-1.jpg","datePublished":"2023-06-15T21:11:24+00:00","dateModified":"2023-09-30T17:45:05+00:00","breadcrumb":{"@id":"https:\/\/carolinacordobaeditora.ar\/index.php\/correccion-de-textos\/#breadcrumb"},"inLanguage":"es","potentialAction":[{"@type":"ReadAction","target":["https:\/\/carolinacordobaeditora.ar\/index.php\/correccion-de-textos\/"]}]},{"@type":"ImageObject","inLanguage":"es","@id":"https:\/\/carolinacordobaeditora.ar\/index.php\/correccion-de-textos\/#primaryimage","url":"https:\/\/carolinacordobaeditora.ar\/wp-content\/uploads\/2023\/03\/2-1.jpg","contentUrl":"https:\/\/carolinacordobaeditora.ar\/wp-content\/uploads\/2023\/03\/2-1.jpg","width":283,"height":440},{"@type":"BreadcrumbList","@id":"https:\/\/carolinacordobaeditora.ar\/index.php\/correccion-de-textos\/#breadcrumb","itemListElement":[{"@type":"ListItem","position":1,"name":"Portada","item":"https:\/\/carolinacordobaeditora.ar\/"},{"@type":"ListItem","position":2,"name":"Correcci\u00f3n de textos"}]},{"@type":"WebSite","@id":"https:\/\/carolinacordobaeditora.ar\/#website","url":"https:\/\/carolinacordobaeditora.ar\/","name":"Carolina Cordoba | Correcciones de textos y asesor\u00edas en trabajos acad\u00e9micos","description":"Correcciones de textos y asesor\u00edas en trabajos acad\u00e9micos","publisher":{"@id":"https:\/\/carolinacordobaeditora.ar\/#organization"},"potentialAction":[{"@type":"SearchAction","target":{"@type":"EntryPoint","urlTemplate":"https:\/\/carolinacordobaeditora.ar\/?s={search_term_string}"},"query-input":{"@type":"PropertyValueSpecification","valueRequired":true,"valueName":"search_term_string"}}],"inLanguage":"es"},{"@type":"Organization","@id":"https:\/\/carolinacordobaeditora.ar\/#organization","name":"Carolina Cordoba","url":"https:\/\/carolinacordobaeditora.ar\/","logo":{"@type":"ImageObject","inLanguage":"es","@id":"https:\/\/carolinacordobaeditora.ar\/#\/schema\/logo\/image\/","url":"https:\/\/carolinacordobaeditora.ar\/wp-content\/uploads\/2023\/06\/1.png","contentUrl":"https:\/\/carolinacordobaeditora.ar\/wp-content\/uploads\/2023\/06\/1.png","width":500,"height":170,"caption":"Carolina Cordoba"},"image":{"@id":"https:\/\/carolinacordobaeditora.ar\/#\/schema\/logo\/image\/"}}]}},"_links":{"self":[{"href":"https:\/\/carolinacordobaeditora.ar\/index.php\/wp-json\/wp\/v2\/pages\/9076","targetHints":{"allow":["GET"]}}],"collection":[{"href":"https:\/\/carolinacordobaeditora.ar\/index.php\/wp-json\/wp\/v2\/pages"}],"about":[{"href":"https:\/\/carolinacordobaeditora.ar\/index.php\/wp-json\/wp\/v2\/types\/page"}],"author":[{"embeddable":true,"href":"https:\/\/carolinacordobaeditora.ar\/index.php\/wp-json\/wp\/v2\/users\/1"}],"replies":[{"embeddable":true,"href":"https:\/\/carolinacordobaeditora.ar\/index.php\/wp-json\/wp\/v2\/comments?post=9076"}],"version-history":[{"count":0,"href":"https:\/\/carolinacordobaeditora.ar\/index.php\/wp-json\/wp\/v2\/pages\/9076\/revisions"}],"wp:attachment":[{"href":"https:\/\/carolinacordobaeditora.ar\/index.php\/wp-json\/wp\/v2\/media?parent=9076"}],"curies":[{"name":"wp","href":"https:\/\/api.w.org\/{rel}","templated":true}]}}